{"id":281,"date":"2023-08-23T13:20:42","date_gmt":"2023-08-23T19:20:42","guid":{"rendered":"https:\/\/grupoatzavera.com\/?page_id=281"},"modified":"2023-08-23T13:26:04","modified_gmt":"2023-08-23T19:26:04","slug":"tortillas-de-maiz-y-aloe-vera","status":"publish","type":"page","link":"https:\/\/grupoatzavera.com\/index.php\/tortillas-de-maiz-y-aloe-vera\/","title":{"rendered":"Tortillas de Ma\u00edz y Aloe Vera"},"content":{"rendered":"\n<p>Fabricamos tortillas de ma\u00edz blanco y de aloe vera, envasadas en pr\u00e1cticas bolsas para consumo individual, con certificaci\u00f3n org\u00e1nica, para ser utilizada en preparaci\u00f3n de tacos, quesadillas, wraps y otras comidas estilo mexicano, para su distribuci\u00f3n y venta en mercados internacionales.<\/p>\n","protected":false},"excerpt":{"rendered":"<p>Fabricamos tortillas de ma\u00edz blanco y de aloe vera, envasadas en pr\u00e1cticas bolsas para consumo individual, con certificaci\u00f3n org\u00e1nica, para ser utilizada en preparaci\u00f3n de tacos, quesadillas, wraps y otras comidas estilo mexicano, para su distribuci\u00f3n y venta en mercados internacionales.<\/p>\n","protected":false},"author":1,"featured_media":0,"parent":0,"menu_order":0,"comment_status":"closed","ping_status":"closed","template":"","meta":{"_exactmetrics_skip_tracking":false,"_exactmetrics_sitenote_active":false,"_exactmetrics_sitenote_note":"","_exactmetrics_sitenote_category":0,"_monsterinsights_skip_tracking":false,"_monsterinsights_sitenote_active":false,"_monsterinsights_sitenote_note":"","_monsterinsights_sitenote_category":0,"footnotes":""},"class_list":["post-281","page","type-page","status-publish","hentry","entry"],"aioseo_notices":[],"_links":{"self":[{"href":"https:\/\/grupoatzavera.com\/index.php\/wp-json\/wp\/v2\/pages\/281","targetHints":{"allow":["GET"]}}],"collection":[{"href":"https:\/\/grupoatzavera.com\/index.php\/wp-json\/wp\/v2\/pages"}],"about":[{"href":"https:\/\/grupoatzavera.com\/index.php\/wp-json\/wp\/v2\/types\/page"}],"author":[{"embeddable":true,"href":"https:\/\/grupoatzavera.com\/index.php\/wp-json\/wp\/v2\/users\/1"}],"replies":[{"embeddable":true,"href":"https:\/\/grupoatzavera.com\/index.php\/wp-json\/wp\/v2\/comments?post=281"}],"version-history":[{"count":2,"href":"https:\/\/grupoatzavera.com\/index.php\/wp-json\/wp\/v2\/pages\/281\/revisions"}],"predecessor-version":[{"id":289,"href":"https:\/\/grupoatzavera.com\/index.php\/wp-json\/wp\/v2\/pages\/281\/revisions\/289"}],"wp:attachment":[{"href":"https:\/\/grupoatzavera.com\/index.php\/wp-json\/wp\/v2\/media?parent=281"}],"curies":[{"name":"wp","href":"https:\/\/api.w.org\/{rel}","templated":true}]}}