{"id":278,"date":"2023-08-23T13:19:14","date_gmt":"2023-08-23T19:19:14","guid":{"rendered":"https:\/\/grupoatzavera.com\/?page_id=278"},"modified":"2023-08-23T13:25:31","modified_gmt":"2023-08-23T19:25:31","slug":"filetes-de-aloe","status":"publish","type":"page","link":"https:\/\/grupoatzavera.com\/index.php\/filetes-de-aloe\/","title":{"rendered":"Filetes de Aloe"},"content":{"rendered":"\n<p>Fabricamos cubos de aloe vera, congelados y envasados en pr\u00e1cticas bolsas para consumo individual, con certificaci\u00f3n org\u00e1nica, para ser utilizada en preparaci\u00f3n de comidas y bebidas de diverso tipo, como guisos, ensaladas, aderezos, sides, batidos, smoothies, o para mezclar con frutas, yogurt o similares opciones, para su distribuci\u00f3n y venta en mercados internacionales.<\/p>\n","protected":false},"excerpt":{"rendered":"<p>Fabricamos cubos de aloe vera, congelados y envasados en pr\u00e1cticas bolsas para consumo individual, con certificaci\u00f3n org\u00e1nica, para ser utilizada en preparaci\u00f3n de comidas y bebidas de diverso tipo, como guisos, ensaladas, aderezos, sides, batidos, smoothies, o para mezclar con frutas, yogurt o similares opciones, para su distribuci\u00f3n y venta en mercados internacionales.<\/p>\n","protected":false},"author":1,"featured_media":0,"parent":0,"menu_order":0,"comment_status":"closed","ping_status":"closed","template":"","meta":{"_exactmetrics_skip_tracking":false,"_exactmetrics_sitenote_active":false,"_exactmetrics_sitenote_note":"","_exactmetrics_sitenote_category":0,"_monsterinsights_skip_tracking":false,"_monsterinsights_sitenote_active":false,"_monsterinsights_sitenote_note":"","_monsterinsights_sitenote_category":0,"footnotes":""},"class_list":["post-278","page","type-page","status-publish","hentry","entry"],"aioseo_notices":[],"_links":{"self":[{"href":"https:\/\/grupoatzavera.com\/index.php\/wp-json\/wp\/v2\/pages\/278","targetHints":{"allow":["GET"]}}],"collection":[{"href":"https:\/\/grupoatzavera.com\/index.php\/wp-json\/wp\/v2\/pages"}],"about":[{"href":"https:\/\/grupoatzavera.com\/index.php\/wp-json\/wp\/v2\/types\/page"}],"author":[{"embeddable":true,"href":"https:\/\/grupoatzavera.com\/index.php\/wp-json\/wp\/v2\/users\/1"}],"replies":[{"embeddable":true,"href":"https:\/\/grupoatzavera.com\/index.php\/wp-json\/wp\/v2\/comments?post=278"}],"version-history":[{"count":2,"href":"https:\/\/grupoatzavera.com\/index.php\/wp-json\/wp\/v2\/pages\/278\/revisions"}],"predecessor-version":[{"id":285,"href":"https:\/\/grupoatzavera.com\/index.php\/wp-json\/wp\/v2\/pages\/278\/revisions\/285"}],"wp:attachment":[{"href":"https:\/\/grupoatzavera.com\/index.php\/wp-json\/wp\/v2\/media?parent=278"}],"curies":[{"name":"wp","href":"https:\/\/api.w.org\/{rel}","templated":true}]}}