{"id":266,"date":"2023-08-23T13:15:49","date_gmt":"2023-08-23T19:15:49","guid":{"rendered":"https:\/\/grupoatzavera.com\/?page_id=266"},"modified":"2023-08-23T14:31:38","modified_gmt":"2023-08-23T20:31:38","slug":"productos","status":"publish","type":"page","link":"https:\/\/grupoatzavera.com\/index.php\/productos\/","title":{"rendered":"Productos"},"content":{"rendered":"\n<figure class=\"wp-block-image\"><img loading=\"lazy\" decoding=\"async\" width=\"1024\" height=\"1024\" src=\"https:\/\/grupoatzavera-com.preview-domain.com\/wp-content\/uploads\/2023\/08\/9e71472b-70b4-417f-a944-d65b42f0e81e.jpg\" alt=\"\" class=\"wp-image-71\" srcset=\"https:\/\/grupoatzavera.com\/wp-content\/uploads\/2023\/08\/9e71472b-70b4-417f-a944-d65b42f0e81e.jpg 1024w, https:\/\/grupoatzavera.com\/wp-content\/uploads\/2023\/08\/9e71472b-70b4-417f-a944-d65b42f0e81e-300x300.jpg 300w, https:\/\/grupoatzavera.com\/wp-content\/uploads\/2023\/08\/9e71472b-70b4-417f-a944-d65b42f0e81e-150x150.jpg 150w, https:\/\/grupoatzavera.com\/wp-content\/uploads\/2023\/08\/9e71472b-70b4-417f-a944-d65b42f0e81e-768x768.jpg 768w\" sizes=\"auto, (max-width: 1024px) 100vw, 1024px\" \/><figcaption class=\"wp-element-caption\">Cosecha de Aloe vera en Tamaulipas<\/figcaption><\/figure>\n\n\n\n<h2 class=\"wp-block-heading\" id=\"we-re-a-studio-in-berlin-with-an-international-practice-in-architecture-urban-planning-and-interior-design-we-believe-in-sharing-knowledge-and-promoting-dialogue-to-increase-the-creative-potential-of-collaboration\">Jugos de Aloe<\/h2>\n\n\n\n<p>Fabricamos jugos de aloe vera para uso como materia prima de industrias o consumo final. Ofrecemos las opciones de jugos org\u00e1nicos y convencionales.\u00a0<a href=\"https:\/\/grupoatzavera.com\/index.php\/jugos-de-aloe\/\" target=\"_blank\" rel=\"noopener\" title=\"\">Visite la p\u00e1gina para m\u00e1s detalles<\/a>.<\/p>\n\n\n\n<h2 class=\"wp-block-heading\" id=\"we-re-a-studio-in-berlin-with-an-international-practice-in-architecture-urban-planning-and-interior-design-we-believe-in-sharing-knowledge-and-promoting-dialogue-to-increase-the-creative-potential-of-collaboration\">Bebidas de Aloe&nbsp;<\/h2>\n\n\n\n<p>Fabricamos una amplia gama de bebidas de aloe vera org\u00e1nico, con numerosas opciones de sabores.<a href=\"https:\/\/grupoatzavera-com.preview-domain.com\/index.php\/create-your-website-with-blocks\/bebidas-de-aloe-vera-aloe-vera-drink\/\">\u00a0<\/a><a href=\"https:\/\/grupoatzavera.com\/index.php\/bebidas-de-aloe-vera\/\" target=\"_blank\" rel=\"noopener\" title=\"\">Visite la p\u00e1gina para m\u00e1s detalles<\/a><a href=\"https:\/\/grupoatzavera-com.preview-domain.com\/index.php\/create-your-website-with-blocks\/bebidas-de-aloe-vera-aloe-vera-drink\/\">.<\/a><\/p>\n\n\n\n<h2 class=\"wp-block-heading\" id=\"we-re-a-studio-in-berlin-with-an-international-practice-in-architecture-urban-planning-and-interior-design-we-believe-in-sharing-knowledge-and-promoting-dialogue-to-increase-the-creative-potential-of-collaboration\">Cubos de Aloe&nbsp;<\/h2>\n\n\n\n<p>Ofrecemos cubos de aloe vera org\u00e1nico para consumo final. <a href=\"https:\/\/grupoatzavera.com\/index.php\/cubos-de-aloe\/\" target=\"_blank\" rel=\"noopener\" title=\"\">Visite la p\u00e1gina para m\u00e1s detalles<\/a>.<\/p>\n\n\n\n<h2 class=\"wp-block-heading\" id=\"we-re-a-studio-in-berlin-with-an-international-practice-in-architecture-urban-planning-and-interior-design-we-believe-in-sharing-knowledge-and-promoting-dialogue-to-increase-the-creative-potential-of-collaboration\">Filetes de Aloe&nbsp;<\/h2>\n\n\n\n<p>Ofrecemos filetes de aloe vera org\u00e1nico para consumo final. <a href=\"https:\/\/grupoatzavera.com\/index.php\/filetes-de-aloe\/\" target=\"_blank\" rel=\"noopener\" title=\"\">Visite la p\u00e1gina para m\u00e1s detalles.<\/a><\/p>\n\n\n\n<h2 class=\"wp-block-heading\" id=\"we-re-a-studio-in-berlin-with-an-international-practice-in-architecture-urban-planning-and-interior-design-we-believe-in-sharing-knowledge-and-promoting-dialogue-to-increase-the-creative-potential-of-collaboration\">Tortillas de Ma\u00edz y Aloe<\/h2>\n\n\n\n<p>La innovaci\u00f3n m\u00e1s saludable en tortillas!! Ofrecemos deliciosas tortillas de harina de ma\u00edz con aloe vera org\u00e1nico para consumo final. <a href=\"https:\/\/grupoatzavera.com\/index.php\/tortillas-de-maiz-y-aloe-vera\/\" target=\"_blank\" rel=\"noopener\" title=\"\">Visite la p\u00e1gina para m\u00e1s detalles<\/a>.<\/p>\n\n\n\n<figure class=\"wp-block-image size-full\"><img loading=\"lazy\" decoding=\"async\" width=\"1024\" height=\"1024\" src=\"http:\/\/grupoatzavera-com.preview-domain.com\/wp-content\/uploads\/2023\/08\/fddb5477-ddf2-41f1-b98c-c535616d5b0f-1.jpg\" alt=\"Procesamiento de aloe\" class=\"wp-image-249\" srcset=\"https:\/\/grupoatzavera.com\/wp-content\/uploads\/2023\/08\/fddb5477-ddf2-41f1-b98c-c535616d5b0f-1.jpg 1024w, https:\/\/grupoatzavera.com\/wp-content\/uploads\/2023\/08\/fddb5477-ddf2-41f1-b98c-c535616d5b0f-1-300x300.jpg 300w, https:\/\/grupoatzavera.com\/wp-content\/uploads\/2023\/08\/fddb5477-ddf2-41f1-b98c-c535616d5b0f-1-150x150.jpg 150w, https:\/\/grupoatzavera.com\/wp-content\/uploads\/2023\/08\/fddb5477-ddf2-41f1-b98c-c535616d5b0f-1-768x768.jpg 768w\" sizes=\"auto, (max-width: 1024px) 100vw, 1024px\" \/><figcaption class=\"wp-element-caption\">Procesamiento de aloe <\/figcaption><\/figure>\n\n\n\n<h3 class=\"wp-block-heading\">Manufactura con baja huella de carbono<\/h3>\n\n\n\n<p>Procesamos el Aloe Vera de nuestras propias plantaciones y de algunos productores de aloe asociados, cuyas plantaciones se encuentran a escasa distancia de nuestra planta procesadora. Ello ada a nuestros productos.<\/p>\n\n\n\n<h3 class=\"wp-block-heading\">Productos Org\u00e1nicos&nbsp;<\/h3>\n\n\n\n<p>Ofrecemos productos con certificaci\u00f3n org\u00e1nica de Oregon Tilth, una certificadora internacional de amplia reputaci\u00f3n. Certificamos para M\u00e9xico, Estados Unicos, Canad\u00e1 y la Uni\u00f3n Europea en sus respectivos programas org\u00e1nicos.<\/p>\n\n\n\n<h3 class=\"wp-block-heading\">Pureza y Calidad<\/h3>\n\n\n\n<p>La cercan\u00eda de las plantaciones a nuestra planta procesadora garantiza una m\u00e1xima pureza y un alt\u00edsimo nivel de calidad, gracias al r\u00e1pido proceso de estabilizaci\u00f3n de la materia prima.<\/p>\n","protected":false},"excerpt":{"rendered":"<p>Jugos de Aloe Fabricamos jugos de aloe vera para uso como materia prima de industrias o consumo final. Ofrecemos las opciones de jugos org\u00e1nicos y convencionales.\u00a0Visite la p\u00e1gina para m\u00e1s detalles. Bebidas de Aloe&nbsp; Fabricamos una amplia gama de bebidas de aloe vera org\u00e1nico, con numerosas opciones de sabores.\u00a0Visite la p\u00e1gina para m\u00e1s detalles. Cubos&hellip; <a class=\"more-link\" href=\"https:\/\/grupoatzavera.com\/index.php\/productos\/\">Continue reading <span class=\"screen-reader-text\">Productos<\/span><\/a><\/p>\n","protected":false},"author":1,"featured_media":0,"parent":0,"menu_order":0,"comment_status":"closed","ping_status":"closed","template":"","meta":{"_exactmetrics_skip_tracking":false,"_exactmetrics_sitenote_active":false,"_exactmetrics_sitenote_note":"","_exactmetrics_sitenote_category":0,"_monsterinsights_skip_tracking":false,"_monsterinsights_sitenote_active":false,"_monsterinsights_sitenote_note":"","_monsterinsights_sitenote_category":0,"footnotes":""},"class_list":["post-266","page","type-page","status-publish","hentry","entry"],"aioseo_notices":[],"_links":{"self":[{"href":"https:\/\/grupoatzavera.com\/index.php\/wp-json\/wp\/v2\/pages\/266","targetHints":{"allow":["GET"]}}],"collection":[{"href":"https:\/\/grupoatzavera.com\/index.php\/wp-json\/wp\/v2\/pages"}],"about":[{"href":"https:\/\/grupoatzavera.com\/index.php\/wp-json\/wp\/v2\/types\/page"}],"author":[{"embeddable":true,"href":"https:\/\/grupoatzavera.com\/index.php\/wp-json\/wp\/v2\/users\/1"}],"replies":[{"embeddable":true,"href":"https:\/\/grupoatzavera.com\/index.php\/wp-json\/wp\/v2\/comments?post=266"}],"version-history":[{"count":3,"href":"https:\/\/grupoatzavera.com\/index.php\/wp-json\/wp\/v2\/pages\/266\/revisions"}],"predecessor-version":[{"id":296,"href":"https:\/\/grupoatzavera.com\/index.php\/wp-json\/wp\/v2\/pages\/266\/revisions\/296"}],"wp:attachment":[{"href":"https:\/\/grupoatzavera.com\/index.php\/wp-json\/wp\/v2\/media?parent=266"}],"curies":[{"name":"wp","href":"https:\/\/api.w.org\/{rel}","templated":true}]}}